{"id":7258,"date":"2023-01-06T14:56:03","date_gmt":"2023-01-06T14:56:03","guid":{"rendered":"https:\/\/maisepibh.com.br\/?post_type=product&#038;p=7258"},"modified":"2023-01-06T14:56:03","modified_gmt":"2023-01-06T14:56:03","slug":"botina-cadarco-tipo-manobreiro-palmilhado","status":"publish","type":"product","link":"https:\/\/maisepibh.com.br\/pt_pt\/product\/botina-cadarco-tipo-manobreiro-palmilhado\/","title":{"rendered":"Botina Cadar\u00e7o tipo Manobreiro Palmilhado"},"content":{"rendered":"<p>\u2013 Cal\u00e7ado de seguran\u00e7a tipo botina manobreiro;<br \/>\n\u2013 Confeccionado em 100% couro de primeira qualidade;<br \/>\n\u2013 Cano acolchoado;<br \/>\n\u2013 Fechamento em cadar\u00e7o;<br \/>\n\u2013 Forra\u00e7\u00e3o interna em tecido 100% poli\u00e9ster;<br \/>\n\u2013 Palmilha de conforto sobreposta;<br \/>\n\u2013 Biqueira de composite;<br \/>\n\u2013 Palmilha de montagem resistente a perfura\u00e7\u00e3o;<br \/>\n\u2013 Solado PU bidensidade;<\/p>\n<p>Altura base do cano: 135mm<\/p>\n<p>Biqueira de Composite (CA \u2013 47025) \u2013 Ref.: 221X-P-BC-PPE<\/p>","protected":false},"excerpt":{"rendered":"<p>\u2013 Cal\u00e7ado de seguran\u00e7a tipo botina manobreiro; \u2013 Confeccionado em 100% couro de primeira qualidade; \u2013 Cano acolchoado; \u2013 Fechamento em cadar\u00e7o; \u2013 Forra\u00e7\u00e3o interna em tecido 100% poli\u00e9ster; \u2013 Palmilha de conforto sobreposta; \u2013 Biqueira de composite; \u2013 Palmilha de montagem resistente a perfura\u00e7\u00e3o; \u2013 Solado PU bidensidade; Altura base do cano: 135mm Biqueira [&hellip;]<\/p>","protected":false},"featured_media":7259,"comment_status":"open","ping_status":"closed","template":"","meta":[],"product_cat":[89,26,76],"product_tag":[],"class_list":{"0":"post-7258","1":"product","2":"type-product","3":"status-publish","4":"has-post-thumbnail","6":"product_cat-calcados","7":"product_cat-epi","8":"product_cat-ofertas","10":"first","11":"instock","12":"taxable","13":"shipping-taxable","14":"purchasable","15":"product-type-simple"},"yoast_head":"<!-- This site is optimized with the Yoast SEO Premium plugin v16.2 (Yoast SEO v23.1) - https:\/\/yoast.com\/wordpress\/plugins\/seo\/ -->\n<title>Botina Cadar\u00e7o tipo Manobreiro Palmilhado - MAIS EPI BH<\/title>\n<meta name=\"robots\" content=\"index, follow, max-snippet:-1, max-image-preview:large, max-video-preview:-1\" \/>\n<link rel=\"canonical\" href=\"https:\/\/maisepibh.com.br\/pt_pt\/product\/botina-cadarco-tipo-manobreiro-palmilhado\/\" \/>\n<meta property=\"og:locale\" content=\"pt_PT\" \/>\n<meta property=\"og:type\" content=\"article\" \/>\n<meta property=\"og:title\" content=\"Botina Cadar\u00e7o tipo Manobreiro Palmilhado - MAIS EPI BH\" \/>\n<meta property=\"og:description\" content=\"\u2013 Cal\u00e7ado de seguran\u00e7a tipo botina manobreiro; \u2013 Confeccionado em 100% couro de primeira qualidade; \u2013 Cano acolchoado; \u2013 Fechamento em cadar\u00e7o; \u2013 Forra\u00e7\u00e3o interna em tecido 100% poli\u00e9ster; \u2013 Palmilha de conforto sobreposta; \u2013 Biqueira de composite; \u2013 Palmilha de montagem resistente a perfura\u00e7\u00e3o; \u2013 Solado PU bidensidade; Altura base do cano: 135mm Biqueira [&hellip;]\" \/>\n<meta property=\"og:url\" content=\"https:\/\/maisepibh.com.br\/pt_pt\/product\/botina-cadarco-tipo-manobreiro-palmilhado\/\" \/>\n<meta property=\"og:site_name\" content=\"MAIS EPI BH\" \/>\n<meta property=\"og:image\" content=\"https:\/\/maisepibh.com.br\/wp-content\/uploads\/2023\/01\/Design-sem-nome-30.png\" \/>\n\t<meta property=\"og:image:width\" content=\"1000\" \/>\n\t<meta property=\"og:image:height\" content=\"1000\" \/>\n\t<meta property=\"og:image:type\" content=\"image\/png\" \/>\n<meta name=\"twitter:card\" content=\"summary_large_image\" \/>\n<script type=\"application\/ld+json\" class=\"yoast-schema-graph\">{\"@context\":\"https:\/\/schema.org\",\"@graph\":[{\"@type\":\"WebPage\",\"@id\":\"https:\/\/maisepibh.com.br\/product\/botina-cadarco-tipo-manobreiro-palmilhado\/\",\"url\":\"https:\/\/maisepibh.com.br\/product\/botina-cadarco-tipo-manobreiro-palmilhado\/\",\"name\":\"Botina Cadar\u00e7o tipo Manobreiro Palmilhado - MAIS EPI BH\",\"isPartOf\":{\"@id\":\"https:\/\/maisepibh.com.br\/#website\"},\"primaryImageOfPage\":{\"@id\":\"https:\/\/maisepibh.com.br\/product\/botina-cadarco-tipo-manobreiro-palmilhado\/#primaryimage\"},\"image\":{\"@id\":\"https:\/\/maisepibh.com.br\/product\/botina-cadarco-tipo-manobreiro-palmilhado\/#primaryimage\"},\"thumbnailUrl\":\"https:\/\/maisepibh.com.br\/wp-content\/uploads\/2023\/01\/Design-sem-nome-30.png\",\"datePublished\":\"2023-01-06T14:56:03+00:00\",\"dateModified\":\"2023-01-06T14:56:03+00:00\",\"breadcrumb\":{\"@id\":\"https:\/\/maisepibh.com.br\/product\/botina-cadarco-tipo-manobreiro-palmilhado\/#breadcrumb\"},\"inLanguage\":\"pt-PT\",\"potentialAction\":[{\"@type\":\"ReadAction\",\"target\":[\"https:\/\/maisepibh.com.br\/product\/botina-cadarco-tipo-manobreiro-palmilhado\/\"]}]},{\"@type\":\"ImageObject\",\"inLanguage\":\"pt-PT\",\"@id\":\"https:\/\/maisepibh.com.br\/product\/botina-cadarco-tipo-manobreiro-palmilhado\/#primaryimage\",\"url\":\"https:\/\/maisepibh.com.br\/wp-content\/uploads\/2023\/01\/Design-sem-nome-30.png\",\"contentUrl\":\"https:\/\/maisepibh.com.br\/wp-content\/uploads\/2023\/01\/Design-sem-nome-30.png\",\"width\":1000,\"height\":1000},{\"@type\":\"BreadcrumbList\",\"@id\":\"https:\/\/maisepibh.com.br\/product\/botina-cadarco-tipo-manobreiro-palmilhado\/#breadcrumb\",\"itemListElement\":[{\"@type\":\"ListItem\",\"position\":1,\"name\":\"Home\",\"item\":\"https:\/\/maisepibh.com.br\/\"},{\"@type\":\"ListItem\",\"position\":2,\"name\":\"Produtos\",\"item\":\"https:\/\/maisepibh.com.br\/produtos\/\"},{\"@type\":\"ListItem\",\"position\":3,\"name\":\"Botina Cadar\u00e7o tipo Manobreiro Palmilhado\"}]},{\"@type\":\"WebSite\",\"@id\":\"https:\/\/maisepibh.com.br\/#website\",\"url\":\"https:\/\/maisepibh.com.br\/\",\"name\":\"MAIS EPI BH\",\"description\":\"E.P.I.S s\u00e3o ferramentas imprescind\u00edveis\",\"publisher\":{\"@id\":\"https:\/\/maisepibh.com.br\/#organization\"},\"potentialAction\":[{\"@type\":\"SearchAction\",\"target\":{\"@type\":\"EntryPoint\",\"urlTemplate\":\"https:\/\/maisepibh.com.br\/?s={search_term_string}\"},\"query-input\":\"required name=search_term_string\"}],\"inLanguage\":\"pt-PT\"},{\"@type\":\"Organization\",\"@id\":\"https:\/\/maisepibh.com.br\/#organization\",\"name\":\"MAIS EPI BH\",\"url\":\"https:\/\/maisepibh.com.br\/\",\"logo\":{\"@type\":\"ImageObject\",\"inLanguage\":\"pt-PT\",\"@id\":\"https:\/\/maisepibh.com.br\/#\/schema\/logo\/image\/\",\"url\":\"https:\/\/maisepibh.com.br\/wp-content\/uploads\/2022\/11\/cropped-cropped-cropped-cropped-footer-logo-copia.png\",\"contentUrl\":\"https:\/\/maisepibh.com.br\/wp-content\/uploads\/2022\/11\/cropped-cropped-cropped-cropped-footer-logo-copia.png\",\"width\":306,\"height\":88,\"caption\":\"MAIS EPI BH\"},\"image\":{\"@id\":\"https:\/\/maisepibh.com.br\/#\/schema\/logo\/image\/\"}}]}<\/script>\n<!-- \/ Yoast SEO Premium plugin. -->","yoast_head_json":{"title":"Botina Cadar\u00e7o tipo Manobreiro Palmilhado - MAIS EPI BH","robots":{"index":"index","follow":"follow","max-snippet":"max-snippet:-1","max-image-preview":"max-image-preview:large","max-video-preview":"max-video-preview:-1"},"canonical":"https:\/\/maisepibh.com.br\/pt_pt\/product\/botina-cadarco-tipo-manobreiro-palmilhado\/","og_locale":"pt_PT","og_type":"article","og_title":"Botina Cadar\u00e7o tipo Manobreiro Palmilhado - MAIS EPI BH","og_description":"\u2013 Cal\u00e7ado de seguran\u00e7a tipo botina manobreiro; \u2013 Confeccionado em 100% couro de primeira qualidade; \u2013 Cano acolchoado; \u2013 Fechamento em cadar\u00e7o; \u2013 Forra\u00e7\u00e3o interna em tecido 100% poli\u00e9ster; \u2013 Palmilha de conforto sobreposta; \u2013 Biqueira de composite; \u2013 Palmilha de montagem resistente a perfura\u00e7\u00e3o; \u2013 Solado PU bidensidade; Altura base do cano: 135mm Biqueira [&hellip;]","og_url":"https:\/\/maisepibh.com.br\/pt_pt\/product\/botina-cadarco-tipo-manobreiro-palmilhado\/","og_site_name":"MAIS EPI BH","og_image":[{"width":1000,"height":1000,"url":"https:\/\/maisepibh.com.br\/wp-content\/uploads\/2023\/01\/Design-sem-nome-30.png","type":"image\/png"}],"twitter_card":"summary_large_image","schema":{"@context":"https:\/\/schema.org","@graph":[{"@type":"WebPage","@id":"https:\/\/maisepibh.com.br\/product\/botina-cadarco-tipo-manobreiro-palmilhado\/","url":"https:\/\/maisepibh.com.br\/product\/botina-cadarco-tipo-manobreiro-palmilhado\/","name":"Botina Cadar\u00e7o tipo Manobreiro Palmilhado - MAIS EPI BH","isPartOf":{"@id":"https:\/\/maisepibh.com.br\/#website"},"primaryImageOfPage":{"@id":"https:\/\/maisepibh.com.br\/product\/botina-cadarco-tipo-manobreiro-palmilhado\/#primaryimage"},"image":{"@id":"https:\/\/maisepibh.com.br\/product\/botina-cadarco-tipo-manobreiro-palmilhado\/#primaryimage"},"thumbnailUrl":"https:\/\/maisepibh.com.br\/wp-content\/uploads\/2023\/01\/Design-sem-nome-30.png","datePublished":"2023-01-06T14:56:03+00:00","dateModified":"2023-01-06T14:56:03+00:00","breadcrumb":{"@id":"https:\/\/maisepibh.com.br\/product\/botina-cadarco-tipo-manobreiro-palmilhado\/#breadcrumb"},"inLanguage":"pt-PT","potentialAction":[{"@type":"ReadAction","target":["https:\/\/maisepibh.com.br\/product\/botina-cadarco-tipo-manobreiro-palmilhado\/"]}]},{"@type":"ImageObject","inLanguage":"pt-PT","@id":"https:\/\/maisepibh.com.br\/product\/botina-cadarco-tipo-manobreiro-palmilhado\/#primaryimage","url":"https:\/\/maisepibh.com.br\/wp-content\/uploads\/2023\/01\/Design-sem-nome-30.png","contentUrl":"https:\/\/maisepibh.com.br\/wp-content\/uploads\/2023\/01\/Design-sem-nome-30.png","width":1000,"height":1000},{"@type":"BreadcrumbList","@id":"https:\/\/maisepibh.com.br\/product\/botina-cadarco-tipo-manobreiro-palmilhado\/#breadcrumb","itemListElement":[{"@type":"ListItem","position":1,"name":"Home","item":"https:\/\/maisepibh.com.br\/"},{"@type":"ListItem","position":2,"name":"Produtos","item":"https:\/\/maisepibh.com.br\/produtos\/"},{"@type":"ListItem","position":3,"name":"Botina Cadar\u00e7o tipo Manobreiro Palmilhado"}]},{"@type":"WebSite","@id":"https:\/\/maisepibh.com.br\/#website","url":"https:\/\/maisepibh.com.br\/","name":"MAIS EPI BH","description":"E.P.I.S s\u00e3o ferramentas imprescind\u00edveis","publisher":{"@id":"https:\/\/maisepibh.com.br\/#organization"},"potentialAction":[{"@type":"SearchAction","target":{"@type":"EntryPoint","urlTemplate":"https:\/\/maisepibh.com.br\/?s={search_term_string}"},"query-input":"required name=search_term_string"}],"inLanguage":"pt-PT"},{"@type":"Organization","@id":"https:\/\/maisepibh.com.br\/#organization","name":"MAIS EPI BH","url":"https:\/\/maisepibh.com.br\/","logo":{"@type":"ImageObject","inLanguage":"pt-PT","@id":"https:\/\/maisepibh.com.br\/#\/schema\/logo\/image\/","url":"https:\/\/maisepibh.com.br\/wp-content\/uploads\/2022\/11\/cropped-cropped-cropped-cropped-footer-logo-copia.png","contentUrl":"https:\/\/maisepibh.com.br\/wp-content\/uploads\/2022\/11\/cropped-cropped-cropped-cropped-footer-logo-copia.png","width":306,"height":88,"caption":"MAIS EPI BH"},"image":{"@id":"https:\/\/maisepibh.com.br\/#\/schema\/logo\/image\/"}}]}},"_links":{"self":[{"href":"https:\/\/maisepibh.com.br\/pt_pt\/wp-json\/wp\/v2\/product\/7258"}],"collection":[{"href":"https:\/\/maisepibh.com.br\/pt_pt\/wp-json\/wp\/v2\/product"}],"about":[{"href":"https:\/\/maisepibh.com.br\/pt_pt\/wp-json\/wp\/v2\/types\/product"}],"replies":[{"embeddable":true,"href":"https:\/\/maisepibh.com.br\/pt_pt\/wp-json\/wp\/v2\/comments?post=7258"}],"version-history":[{"count":0,"href":"https:\/\/maisepibh.com.br\/pt_pt\/wp-json\/wp\/v2\/product\/7258\/revisions"}],"wp:featuredmedia":[{"embeddable":true,"href":"https:\/\/maisepibh.com.br\/pt_pt\/wp-json\/wp\/v2\/media\/7259"}],"wp:attachment":[{"href":"https:\/\/maisepibh.com.br\/pt_pt\/wp-json\/wp\/v2\/media?parent=7258"}],"wp:term":[{"taxonomy":"product_cat","embeddable":true,"href":"https:\/\/maisepibh.com.br\/pt_pt\/wp-json\/wp\/v2\/product_cat?post=7258"},{"taxonomy":"product_tag","embeddable":true,"href":"https:\/\/maisepibh.com.br\/pt_pt\/wp-json\/wp\/v2\/product_tag?post=7258"}],"curies":[{"name":"wp","href":"https:\/\/api.w.org\/{rel}","templated":true}]}}